{"id":611,"date":"2018-01-09T14:29:25","date_gmt":"2018-01-09T14:29:25","guid":{"rendered":"http:\/\/nourkrin.com\/?page_id=611"},"modified":"2024-10-25T11:49:54","modified_gmt":"2024-10-25T11:49:54","slug":"privacy-policy","status":"publish","type":"page","link":"https:\/\/nourkrin.com\/pl\/privacy-policy\/","title":{"rendered":"Polityka prywatno\u015bci"},"content":{"rendered":"<p>Przekazywanie informacji za po\u015brednictwem Strony Nourkrin\u00ae odbywa si\u0119 z pe\u0142nym poszanowaniem prywatno\u015bci u\u017cytkownik\u00f3w. Wa\u017cne jest, aby zrozumie\u0107, jakie informacje s\u0105 zbierane podczas wizyty na tej Stronie oraz jak s\u0105 one wykorzystywane. Korzystanie ze Strony podlega niniejszej Polityce Prywatno\u015bci oraz Warunkom i Postanowieniom. W przypadku odwiedzania regionalnych stron Nourkrin\u00ae, takich jak nourkrin.co.uk, nale\u017cy zapozna\u0107 si\u0119 z polityk\u0105 prywatno\u015bci obowi\u0105zuj\u0105c\u0105 na danej stronie. Niniejsza Polityka Prywatno\u015bci zosta\u0142a ostatnio zaktualizowana 1 listopada 2012 r.<\/p>\n<p><strong>1. Gromadzenie informacji<br \/>\n<\/strong>Nie gromadzimy danych osobowych, chyba \u017ce u\u017cytkownik przeka\u017ce je bezpo\u015brednio lub za po\u015brednictwem strony trzeciej, np. wype\u0142niaj\u0105c formularz rejestracyjny lub ankiet\u0119. Informacje takie mog\u0105 obejmowa\u0107 dane kontaktowe (np. imi\u0119 i nazwisko, adres e-mail, adres pocztowy, numer telefonu) oraz dat\u0119 urodzenia. Nie gromadzimy zwykle tzw. informacji wra\u017cliwych, takich jak dane dotycz\u0105ce rasy, pochodzenia etnicznego, pogl\u0105d\u00f3w politycznych, przekona\u0144 religijnych czy zdrowia fizycznego i psychicznego. W przypadku przekazania takich informacji u\u017cytkownik wyra\u017ca zgod\u0119 na ich przetwarzanie zgodnie z niniejsz\u0105 Polityk\u0105 Prywatno\u015bci.<\/p>\n<p>Je\u015bli nie chcesz, aby\u015bmy gromadzili danych umo\u017cliwiaj\u0105ce Twoj\u0105 identyfikacj\u0119, prosimy o ich niepodawanie.<\/p>\n<p><strong>2. Nieujawnianie danych osobowych do cel\u00f3w marketingowych stron trzecich bez zgody u\u017cytkownika<br \/>\n<\/strong>Nie udost\u0119pniamy danych osobowych stron trzecich do cel\u00f3w marketingowych bez uzyskania Twojej wyra\u017anej zgody.<\/p>\n<p><strong>3. Ujawnianie informacji umo\u017cliwiaj\u0105cych identyfikacj\u0119 os\u00f3b<\/strong><\/p>\n<p style=\"padding-left: 40px;\"><strong>1. Ochrona przed oszustwami i zgodno\u015b\u0107 z prawem<br \/>\n<\/strong>Mo\u017cemy ujawnia\u0107 dane osobowe, je\u015bli jest to niezb\u0119dne do zachowania zgodno\u015bci z obowi\u0105zuj\u0105cym prawem, przepisami, procedurami prawnymi lub w odpowiedzi na \u017c\u0105dania rz\u0105dowe. Mo\u017cemy r\u00f3wnie\u017c wymienia\u0107 informacje z firmami i organizacjami w celu ochrony przed oszustwami kredytowymi oraz ograniczania ryzyka.<\/p>\n<p style=\"padding-left: 40px;\"><strong>2. Dostawcy us\u0142ug<br \/>\n<\/strong>Zatrudniamy firmy zewn\u0119trzne, takie jak specjali\u015bci ds. obs\u0142ugi klienta, firmy realizuj\u0105ce zam\u00f3wienia, dostawcy us\u0142ug pocztowych lub firmy analityczne. Takie podmioty maj\u0105 dost\u0119p do danych osobowych niezb\u0119dnych do wykonywania swoich zada\u0144, ale nie mog\u0105 wykorzystywa\u0107 tych informacji w innym celu.<\/p>\n<p style=\"padding-left: 40px;\"><strong>3. Wydarzenia specjalne<br \/>\n<\/strong>Je\u015bli zdecydujesz si\u0119 wzi\u0105\u0107 udzia\u0142 w promocjach, loteriach lub ankietach organizowanych na Stronie, Twoje dane osobowe mog\u0105 by\u0107 udost\u0119pnione stronom trzecim. Bior\u0105c udzia\u0142 w takich wydarzeniach, wyra\u017casz zgod\u0119 na ujawnienie swoich danych zgodnie z ich zasadami.<\/p>\n<p style=\"padding-left: 40px;\"><strong>4. Transfery biznesowe<br \/>\n<\/strong>W przypadku sprzeda\u017cy aktyw\u00f3w, dane osobowe mog\u0105 by\u0107 przekazywane nowym w\u0142a\u015bcicielom jako cz\u0119\u015b\u0107 transakcji.<\/p>\n<p><strong> 4. Przekazywanie Danych do Innych Kraj\u00f3w<\/strong><br \/>\nFirmy z Grupy Pharma Medico oraz osoby trzecie wsp\u00f3\u0142pracuj\u0105ce z Grup\u0105 Pharma Medico otrzymaj\u0105 i b\u0119d\u0105 wykorzystywa\u0107 dane wy\u0142\u0105cznie do cel\u00f3w okre\u015blonych w niniejszej Polityce Prywatno\u015bci. W zwi\u0105zku z tym bazy danych, w kt\u00f3rych mog\u0105 by\u0107 przechowywane dane osobowe, mog\u0105 znajdowa\u0107 si\u0119 zar\u00f3wno w obr\u0119bie, jak i poza Uni\u0105 Europejsk\u0105 (\u201eUE\u201d). Przekazuj\u0105c dane osobowe na tej stronie Nourkrin, u\u017cytkownik przyjmuje do wiadomo\u015bci i akceptuje, \u017ce firma Grupy Pharma Medico lub osoba trzecia, kt\u00f3ra otrzymuje dane, mo\u017ce znajdowa\u0107 si\u0119 w kraju, kt\u00f3ry nie zapewnia tego samego poziomu ochrony danych osobowych, co kraj zamieszkania u\u017cytkownika.<\/p>\n<p><strong> 5. Pliki Cookies, Adresy IP, Pixel Tags i Technologie \u015aledz\u0105ce<\/strong><br \/>\nPlik cookie to fragment danych umo\u017cliwiaj\u0105cy nam \u015bledzenie preferencji u\u017cytkownika. Mo\u017cemy umie\u015bci\u0107 \u201ecookie\u201d na dysku twardym u\u017cytkownika, aby rozpozna\u0107 powracaj\u0105cego u\u017cytkownika i spersonalizowa\u0107 jego do\u015bwiadczenie z nasz\u0105 stron\u0105 Nourkrin. Plik cookie b\u0119dzie przechowywany na dysku twardym komputera do momentu jego usuni\u0119cia. U\u017cytkownik mo\u017ce dostosowa\u0107 przegl\u0105dark\u0119 internetow\u0105, aby informowa\u0142a o plikach cookies lub automatycznie je odrzuca\u0142a. Je\u015bli u\u017cytkownik odrzuci pliki cookies na stronie Nourkrin, nadal b\u0119dzie m\u00f3g\u0142 z niej korzysta\u0107, jednak dost\u0119p do niekt\u00f3rych funkcji mo\u017ce by\u0107 ograniczony. Mo\u017cemy r\u00f3wnie\u017c korzysta\u0107 z adres\u00f3w IP w celu analizy trend\u00f3w, administrowania stron\u0105, \u015bledzenia ruchu oraz gromadzenia informacji demograficznych do u\u017cytku zbiorczego, a tak\u017ce w po\u0142\u0105czeniu z danymi osobowymi w celu ochrony przed oszustwami kredytowymi i zmniejszenia ryzyka.<\/p>\n<p>Gdy u\u017cytkownik odwiedza stron\u0119 Nourkrin lub przegl\u0105da nasze wiadomo\u015bci e-mail, mo\u017cemy u\u017cywa\u0107 technologii takich jak pixel tags (nazywanych r\u00f3wnie\u017c \u201eczystymi gifami\u201d), linki \u015bledz\u0105ce i podobnych narz\u0119dzi, aby zapisywa\u0107 strony odwiedzane na naszej stronie, personalizuj\u0105c tym samym do\u015bwiadczenie u\u017cytkownika. Mo\u017cemy r\u00f3wnie\u017c u\u017cywa\u0107 pixel tags, aby okre\u015bli\u0107, jakie typy wiadomo\u015bci e-mail obs\u0142uguje przegl\u0105darka u\u017cytkownika. Informacje zgromadzone za pomoc\u0105 pixel tags i podobnych technologii mog\u0105 by\u0107 \u0142\u0105czone z danymi osobowymi u\u017cytkownika.<\/p>\n<p>Niekt\u00f3rzy z naszych partner\u00f3w biznesowych i dostawc\u00f3w us\u0142ug mog\u0105 r\u00f3wnie\u017c u\u017cywa\u0107 plik\u00f3w cookies na swoich stronach. Na przyk\u0142ad u\u017cytkownik mo\u017ce trafi\u0107 na nasz\u0105 stron\u0119 poprzez ich witryny. Nie mamy dost\u0119pu do tych plik\u00f3w cookies ani nad nimi kontroli, i nie ponosimy odpowiedzialno\u015bci za pliki cookies stron trzecich. Zalecamy zapoznanie si\u0119 z politykami prywatno\u015bci stron trzecich w celu zrozumienia, jak wykorzystuj\u0105 one pliki cookies.<\/p>\n<p><strong> 6. Wykorzystanie Przekazanych Informacji<\/strong><br \/>\nMo\u017cemy wykorzystywa\u0107 informacje, kt\u00f3re u\u017cytkownik przekazuje, do cel\u00f3w biznesowych. Mo\u017cemy gromadzi\u0107, przechowywa\u0107 lub akumulowa\u0107 pewne identyfikowalne dane dotycz\u0105ce korzystania ze strony, takie jak informacje o najcz\u0119\u015bciej odwiedzanych stronach. Mo\u017cemy udost\u0119pnia\u0107 lub przekazywa\u0107 identyfikowalne informacje naszym podmiotom stowarzyszonym, licencjobiorcom i partnerom.<\/p>\n<p><strong>7. Dzieci poni\u017cej 12. roku \u017cycia<\/strong><br \/>\nJe\u015bli u\u017cytkownik ma mniej ni\u017c 12 lat, mo\u017ce korzysta\u0107 z naszej strony. Jednak osoba poni\u017cej 12. roku \u017cycia nie mo\u017ce przekazywa\u0107 nam danych osobowych. Na przyk\u0142ad nie mo\u017ce zarejestrowa\u0107 si\u0119 w celu otrzymywania materia\u0142\u00f3w reklamowych. Ta strona nie jest przeznaczona dla dzieci, a my \u015bwiadomie nie gromadzimy danych osobowych dzieci poni\u017cej 12. roku \u017cycia. Je\u015bli u\u017cytkownik ma mi\u0119dzy 12 a 16 lat i ma pytania lub w\u0105tpliwo\u015bci dotycz\u0105ce tej strony, powinien zwr\u00f3ci\u0107 si\u0119 o pomoc do rodzica lub odpowiedzialnego doros\u0142ego.<\/p>\n<p><strong> 8. Linki<\/strong><br \/>\nStrona Nourkrin mo\u017ce zawiera\u0107 linki do innych stron internetowych lub z nich prowadzi\u0107. Prosimy pami\u0119ta\u0107, \u017ce nie odpowiadamy za praktyki dotycz\u0105ce prywatno\u015bci innych stron internetowych. Niniejsza Polityka Prywatno\u015bci dotyczy wy\u0142\u0105cznie informacji zbieranych na tej stronie Nourkrin. Zach\u0119camy wszystkich u\u017cytkownik\u00f3w do zapoznania si\u0119 z politykami prywatno\u015bci innych stron, do kt\u00f3rych odsy\u0142aj\u0105 linki z naszej strony Nourkrin.<\/p>\n<p><strong> 9. Bezpiecze\u0144stwo<\/strong><br \/>\nStosujemy r\u00f3\u017cne \u015brodki bezpiecze\u0144stwa zgodnie ze standardami bran\u017cowymi w celu ochrony danych osobowych u\u017cytkownika. Dane osobowe mog\u0105 by\u0107 przechowywane w r\u00f3\u017cnych lokalizacjach na ca\u0142ym \u015bwiecie, w tym poza UE.<\/p>\n<p><strong> 10. Administrator Danych<\/strong><br \/>\nInformacje przekazywane do wykorzystania b\u0119d\u0105 zarz\u0105dzane przez Pharma Medico, First Floor Templeback, 10 Temple Back, Bristol, United Kingdom, BS1 6FL.<\/p>\n<p><strong> 11. Powiadomienia o Zmianach<\/strong><br \/>\nOd czasu do czasu mo\u017cemy aktualizowa\u0107 niniejsz\u0105 Polityk\u0119 Prywatno\u015bci. Je\u015bli zdecydujemy si\u0119 na jej zmian\u0119, zaktualizowana wersja zostanie zamieszczona na tej stronie. Poniewa\u017c zmiany mog\u0105 by\u0107 wprowadzane w dowolnym momencie, sugerujemy regularne przegl\u0105danie niniejszej Polityki Prywatno\u015bci.<\/p>\n<p><strong>12. Dane Kart Kredytowych i Strony Trzecie<\/strong><br \/>\nNie przechowujemy danych kart kredytowych ani nie udost\u0119pniamy danych klient\u00f3w \u017cadnym stronom trzecim.<\/p>\n","protected":false},"excerpt":{"rendered":"<p>Przekazywanie informacji za po\u015brednictwem Strony Nourkrin\u00ae odbywa si\u0119 z pe\u0142nym poszanowaniem prywatno\u015bci u\u017cytkownik\u00f3w. Wa\u017cne jest, aby zrozumie\u0107, jakie informacje s\u0105 zbierane podczas wizyty na tej Stronie oraz jak s\u0105 one wykorzystywane. Korzystanie ze Strony podlega niniejszej Polityce Prywatno\u015bci oraz Warunkom i Postanowieniom. W przypadku odwiedzania regionalnych stron Nourkrin\u00ae, takich jak nourkrin.co.uk, nale\u017cy zapozna\u0107 si\u0119 z [&hellip;]<\/p>\n","protected":false},"author":1,"featured_media":0,"parent":0,"menu_order":0,"comment_status":"closed","ping_status":"closed","template":"text-page.php","meta":{"_acf_changed":false,"footnotes":""},"class_list":["post-611","page","type-page","status-publish","hentry"],"acf":[],"yoast_head":"<!-- This site is optimized with the Yoast SEO plugin v25.9 - https:\/\/yoast.com\/wordpress\/plugins\/seo\/ -->\n<title>Polityka prywatno\u015bci - Nourkrin PL<\/title>\n<meta name=\"robots\" content=\"index, follow, max-snippet:-1, max-image-preview:large, max-video-preview:-1\" \/>\n<link rel=\"canonical\" href=\"https:\/\/nourkrin.com\/pl\/privacy-policy\/\" \/>\n<meta property=\"og:locale\" content=\"pl_PL\" \/>\n<meta property=\"og:type\" content=\"article\" \/>\n<meta property=\"og:title\" content=\"Polityka prywatno\u015bci - Nourkrin PL\" \/>\n<meta property=\"og:description\" content=\"Przekazywanie informacji za po\u015brednictwem Strony Nourkrin\u00ae odbywa si\u0119 z pe\u0142nym poszanowaniem prywatno\u015bci u\u017cytkownik\u00f3w. Wa\u017cne jest, aby zrozumie\u0107, jakie informacje s\u0105 zbierane podczas wizyty na tej Stronie oraz jak s\u0105 one wykorzystywane. Korzystanie ze Strony podlega niniejszej Polityce Prywatno\u015bci oraz Warunkom i Postanowieniom. W przypadku odwiedzania regionalnych stron Nourkrin\u00ae, takich jak nourkrin.co.uk, nale\u017cy zapozna\u0107 si\u0119 z [&hellip;]\" \/>\n<meta property=\"og:url\" content=\"https:\/\/nourkrin.com\/pl\/privacy-policy\/\" \/>\n<meta property=\"og:site_name\" content=\"Nourkrin PL\" \/>\n<meta property=\"article:modified_time\" content=\"2024-10-25T11:49:54+00:00\" \/>\n<meta name=\"twitter:card\" content=\"summary_large_image\" \/>\n<meta name=\"twitter:label1\" content=\"Szacowany czas czytania\" \/>\n\t<meta name=\"twitter:data1\" content=\"6 minut\" \/>\n<script type=\"application\/ld+json\" class=\"yoast-schema-graph\">{\"@context\":\"https:\/\/schema.org\",\"@graph\":[{\"@type\":\"WebPage\",\"@id\":\"https:\/\/nourkrin.com\/pl\/privacy-policy\/\",\"url\":\"https:\/\/nourkrin.com\/pl\/privacy-policy\/\",\"name\":\"Polityka prywatno\u015bci - Nourkrin PL\",\"isPartOf\":{\"@id\":\"https:\/\/nourkrin.com\/pl\/#website\"},\"datePublished\":\"2018-01-09T14:29:25+00:00\",\"dateModified\":\"2024-10-25T11:49:54+00:00\",\"breadcrumb\":{\"@id\":\"https:\/\/nourkrin.com\/pl\/privacy-policy\/#breadcrumb\"},\"inLanguage\":\"pl-PL\",\"potentialAction\":[{\"@type\":\"ReadAction\",\"target\":[\"https:\/\/nourkrin.com\/pl\/privacy-policy\/\"]}]},{\"@type\":\"BreadcrumbList\",\"@id\":\"https:\/\/nourkrin.com\/pl\/privacy-policy\/#breadcrumb\",\"itemListElement\":[{\"@type\":\"ListItem\",\"position\":1,\"name\":\"Home\",\"item\":\"https:\/\/nourkrin.com\/pl\/\"},{\"@type\":\"ListItem\",\"position\":2,\"name\":\"Polityka prywatno\u015bci\"}]},{\"@type\":\"WebSite\",\"@id\":\"https:\/\/nourkrin.com\/pl\/#website\",\"url\":\"https:\/\/nourkrin.com\/pl\/\",\"name\":\"Nourkrin PL\",\"description\":\"\",\"potentialAction\":[{\"@type\":\"SearchAction\",\"target\":{\"@type\":\"EntryPoint\",\"urlTemplate\":\"https:\/\/nourkrin.com\/pl\/?s={search_term_string}\"},\"query-input\":{\"@type\":\"PropertyValueSpecification\",\"valueRequired\":true,\"valueName\":\"search_term_string\"}}],\"inLanguage\":\"pl-PL\"}]}<\/script>\n<!-- \/ Yoast SEO plugin. -->","yoast_head_json":{"title":"Polityka prywatno\u015bci - Nourkrin PL","robots":{"index":"index","follow":"follow","max-snippet":"max-snippet:-1","max-image-preview":"max-image-preview:large","max-video-preview":"max-video-preview:-1"},"canonical":"https:\/\/nourkrin.com\/pl\/privacy-policy\/","og_locale":"pl_PL","og_type":"article","og_title":"Polityka prywatno\u015bci - Nourkrin PL","og_description":"Przekazywanie informacji za po\u015brednictwem Strony Nourkrin\u00ae odbywa si\u0119 z pe\u0142nym poszanowaniem prywatno\u015bci u\u017cytkownik\u00f3w. Wa\u017cne jest, aby zrozumie\u0107, jakie informacje s\u0105 zbierane podczas wizyty na tej Stronie oraz jak s\u0105 one wykorzystywane. Korzystanie ze Strony podlega niniejszej Polityce Prywatno\u015bci oraz Warunkom i Postanowieniom. W przypadku odwiedzania regionalnych stron Nourkrin\u00ae, takich jak nourkrin.co.uk, nale\u017cy zapozna\u0107 si\u0119 z [&hellip;]","og_url":"https:\/\/nourkrin.com\/pl\/privacy-policy\/","og_site_name":"Nourkrin PL","article_modified_time":"2024-10-25T11:49:54+00:00","twitter_card":"summary_large_image","twitter_misc":{"Szacowany czas czytania":"6 minut"},"schema":{"@context":"https:\/\/schema.org","@graph":[{"@type":"WebPage","@id":"https:\/\/nourkrin.com\/pl\/privacy-policy\/","url":"https:\/\/nourkrin.com\/pl\/privacy-policy\/","name":"Polityka prywatno\u015bci - Nourkrin PL","isPartOf":{"@id":"https:\/\/nourkrin.com\/pl\/#website"},"datePublished":"2018-01-09T14:29:25+00:00","dateModified":"2024-10-25T11:49:54+00:00","breadcrumb":{"@id":"https:\/\/nourkrin.com\/pl\/privacy-policy\/#breadcrumb"},"inLanguage":"pl-PL","potentialAction":[{"@type":"ReadAction","target":["https:\/\/nourkrin.com\/pl\/privacy-policy\/"]}]},{"@type":"BreadcrumbList","@id":"https:\/\/nourkrin.com\/pl\/privacy-policy\/#breadcrumb","itemListElement":[{"@type":"ListItem","position":1,"name":"Home","item":"https:\/\/nourkrin.com\/pl\/"},{"@type":"ListItem","position":2,"name":"Polityka prywatno\u015bci"}]},{"@type":"WebSite","@id":"https:\/\/nourkrin.com\/pl\/#website","url":"https:\/\/nourkrin.com\/pl\/","name":"Nourkrin PL","description":"","potentialAction":[{"@type":"SearchAction","target":{"@type":"EntryPoint","urlTemplate":"https:\/\/nourkrin.com\/pl\/?s={search_term_string}"},"query-input":{"@type":"PropertyValueSpecification","valueRequired":true,"valueName":"search_term_string"}}],"inLanguage":"pl-PL"}]}},"_links":{"self":[{"href":"https:\/\/nourkrin.com\/pl\/wp-json\/wp\/v2\/pages\/611","targetHints":{"allow":["GET"]}}],"collection":[{"href":"https:\/\/nourkrin.com\/pl\/wp-json\/wp\/v2\/pages"}],"about":[{"href":"https:\/\/nourkrin.com\/pl\/wp-json\/wp\/v2\/types\/page"}],"author":[{"embeddable":true,"href":"https:\/\/nourkrin.com\/pl\/wp-json\/wp\/v2\/users\/1"}],"replies":[{"embeddable":true,"href":"https:\/\/nourkrin.com\/pl\/wp-json\/wp\/v2\/comments?post=611"}],"version-history":[{"count":7,"href":"https:\/\/nourkrin.com\/pl\/wp-json\/wp\/v2\/pages\/611\/revisions"}],"predecessor-version":[{"id":2790,"href":"https:\/\/nourkrin.com\/pl\/wp-json\/wp\/v2\/pages\/611\/revisions\/2790"}],"wp:attachment":[{"href":"https:\/\/nourkrin.com\/pl\/wp-json\/wp\/v2\/media?parent=611"}],"curies":[{"name":"wp","href":"https:\/\/api.w.org\/{rel}","templated":true}]}}